{"id":4628,"date":"2024-10-31T23:47:51","date_gmt":"2024-10-31T22:47:51","guid":{"rendered":"https:\/\/www.globalair-sn.com\/?post_type=product&#038;p=4628"},"modified":"2024-10-31T23:47:51","modified_gmt":"2024-10-31T22:47:51","slug":"climatiseur-split-1-25cv-9000-btu-blanc-garantie-12-mois-ge-clim-1-cv","status":"publish","type":"product","link":"https:\/\/www.globalair-sn.com\/fr_fr\/produit\/climatiseur-split-1-25cv-9000-btu-blanc-garantie-12-mois-ge-clim-1-cv\/","title":{"rendered":"Climatiseur Split &#8211; 1.25CV &#8211; 9000 BTU &#8211; Blanc &#8211; Garantie 12 Mois \/ GE-Clim 1 CV"},"content":{"rendered":"<p>Apportez confort et fra\u00eecheur dans votre espace avec ce climatiseur Split de 1.25 CV, offrant une capacit\u00e9 de 9000 BTU. Con\u00e7u pour rafra\u00eechir efficacement tout en \u00e9tant \u00e9conome en \u00e9nergie, ce mod\u00e8le compact et \u00e9l\u00e9gant en blanc s\u2019int\u00e8gre facilement dans tous les types d\u2019int\u00e9rieurs. Garantie 12 mois pour une tranquillit\u00e9 d\u2019esprit accrue.<\/p>\n","protected":false},"excerpt":{"rendered":"<div class=\"flex max-w-full flex-col flex-grow\">\n<div class=\"min-h-8 text-message flex w-full flex-col items-end gap-2 whitespace-normal break-words [.text-message+&amp;]:mt-5\" dir=\"auto\" data-message-author-role=\"assistant\" data-message-id=\"dbd4126d-c230-4bc4-8718-bf4c8c7d1994\" data-message-model-slug=\"gpt-4o\">\n<div class=\"flex w-full flex-col gap-1 empty:hidden first:pt-[3px]\">\n<div class=\"markdown prose w-full break-words dark:prose-invert light\">\n<ul>\n<li><strong>Refroidissement rapide et uniforme<\/strong><\/li>\n<li><strong>Faible consommation d\u2019\u00e9nergie<\/strong><\/li>\n<li><strong>Design compact et \u00e9l\u00e9gant<\/strong><\/li>\n<li><strong>Fonctionnement silencieux<\/strong><\/li>\n<li><strong>R\u00e9sistant et durable avec garantie de 12 mois<\/strong><\/li>\n<li><strong>Facile \u00e0 entretenir et \u00e0 utiliser<\/strong><\/li>\n<\/ul>\n<\/div>\n<\/div>\n<\/div>\n<\/div>\n<div class=\"mb-2 flex gap-3 empty:hidden -ml-2\">\n<div class=\"items-center justify-start rounded-xl p-1 flex\"><\/div>\n<\/div>\n","protected":false},"featured_media":4629,"comment_status":"open","ping_status":"closed","template":"","meta":{"_joinchat":[]},"brand":[],"product_cat":[34,47],"product_tag":[],"class_list":{"0":"post-4628","1":"product","2":"type-product","3":"status-publish","4":"has-post-thumbnail","6":"product_cat-climatisation-ventilation","7":"product_cat-petit-electromenager","8":"left-slider","10":"first","11":"instock","12":"shipping-taxable","13":"purchasable","14":"product-type-simple","15":"add-to-wishlist-after_add_to_cart"},"_links":{"self":[{"href":"https:\/\/www.globalair-sn.com\/fr_fr\/wp-json\/wp\/v2\/product\/4628","targetHints":{"allow":["GET"]}}],"collection":[{"href":"https:\/\/www.globalair-sn.com\/fr_fr\/wp-json\/wp\/v2\/product"}],"about":[{"href":"https:\/\/www.globalair-sn.com\/fr_fr\/wp-json\/wp\/v2\/types\/product"}],"replies":[{"embeddable":true,"href":"https:\/\/www.globalair-sn.com\/fr_fr\/wp-json\/wp\/v2\/comments?post=4628"}],"wp:featuredmedia":[{"embeddable":true,"href":"https:\/\/www.globalair-sn.com\/fr_fr\/wp-json\/wp\/v2\/media\/4629"}],"wp:attachment":[{"href":"https:\/\/www.globalair-sn.com\/fr_fr\/wp-json\/wp\/v2\/media?parent=4628"}],"wp:term":[{"taxonomy":"brand","embeddable":true,"href":"https:\/\/www.globalair-sn.com\/fr_fr\/wp-json\/wp\/v2\/brand?post=4628"},{"taxonomy":"product_cat","embeddable":true,"href":"https:\/\/www.globalair-sn.com\/fr_fr\/wp-json\/wp\/v2\/product_cat?post=4628"},{"taxonomy":"product_tag","embeddable":true,"href":"https:\/\/www.globalair-sn.com\/fr_fr\/wp-json\/wp\/v2\/product_tag?post=4628"}],"curies":[{"name":"wp","href":"https:\/\/api.w.org\/{rel}","templated":true}]}}