{"id":4578,"date":"2024-10-31T11:51:43","date_gmt":"2024-10-31T10:51:43","guid":{"rendered":"https:\/\/www.globalair-sn.com\/?post_type=product&#038;p=4578"},"modified":"2024-10-31T11:53:00","modified_gmt":"2024-10-31T10:53:00","slug":"ventilateur-sur-pied-noir-avec-helice-orange-ge2304","status":"publish","type":"product","link":"https:\/\/www.globalair-sn.com\/fr_fr\/produit\/ventilateur-sur-pied-noir-avec-helice-orange-ge2304\/","title":{"rendered":"Ventilateur sur pied Noir avec h\u00e9lice orange \/ GE2304"},"content":{"rendered":"<ul>\n<li><strong>Design amusant avec des pales orange vives pour une touche de couleur.<\/strong><\/li>\n<li><strong>Moteur puissant offrant une ventilation efficace pour tous les espaces.<\/strong><\/li>\n<li><strong>Hauteur r\u00e9glable pour s\u2019adapter \u00e0 vos besoins et pr\u00e9f\u00e9rences.<\/strong><\/li>\n<li><strong>Oscillation horizontale pour une diffusion uniforme de l\u2019air.<\/strong><\/li>\n<li><strong>Plusieurs vitesses de ventilation pour un confort personnalis\u00e9.<\/strong><\/li>\n<li><strong>Facilit\u00e9 de transport gr\u00e2ce \u00e0 sa conception l\u00e9g\u00e8re et sa base stable.<\/strong><\/li>\n<li><strong>Installation simple sans n\u00e9cessiter d\u2019outils suppl\u00e9mentaires.<\/strong><\/li>\n<li><strong>Silencieux en fonctionnement , id\u00e9al pour les nuits paisibles ou les bureaux.<\/strong><\/li>\n<\/ul>\n","protected":false},"excerpt":{"rendered":"<p>&nbsp;<\/p>\n<ul>\n<li><strong>R\u00e9glages de vitesse<\/strong> : Options de vitesse variable pour s&#8217;adapter \u00e0 vos besoins de ventilation.<\/li>\n<li><strong>Rotation oscillante<\/strong> : Disperse l&#8217;air frais uniform\u00e9ment dans toute la pi\u00e8ce pour un refroidissement optimal.<\/li>\n<li><strong>Design \u00e9l\u00e9gant<\/strong> : Forme moderne et \u00e9pur\u00e9e qui s&#8217;int\u00e8gre facilement dans diff\u00e9rents d\u00e9cors d&#8217;int\u00e9rieur.<\/li>\n<li><strong>Silencieux en fonctionnement<\/strong> : Fonctionnement calme pour ne pas perturber vos activit\u00e9s quotidiennes, que ce soit la lecture, le travail ou le sommeil.<\/li>\n<li><strong>Base stable<\/strong> : Con\u00e7u pour rester en place, m\u00eame \u00e0 des vitesses \u00e9lev\u00e9es<\/li>\n<\/ul>\n","protected":false},"featured_media":4579,"comment_status":"open","ping_status":"closed","template":"","meta":{"_joinchat":[]},"brand":[87],"product_cat":[34,47],"product_tag":[],"class_list":{"0":"post-4578","1":"product","2":"type-product","3":"status-publish","4":"has-post-thumbnail","6":"brand-global-air","7":"product_cat-climatisation-ventilation","8":"product_cat-petit-electromenager","9":"left-slider","11":"first","12":"instock","13":"featured","14":"shipping-taxable","15":"purchasable","16":"product-type-simple","17":"add-to-wishlist-after_add_to_cart"},"_links":{"self":[{"href":"https:\/\/www.globalair-sn.com\/fr_fr\/wp-json\/wp\/v2\/product\/4578","targetHints":{"allow":["GET"]}}],"collection":[{"href":"https:\/\/www.globalair-sn.com\/fr_fr\/wp-json\/wp\/v2\/product"}],"about":[{"href":"https:\/\/www.globalair-sn.com\/fr_fr\/wp-json\/wp\/v2\/types\/product"}],"replies":[{"embeddable":true,"href":"https:\/\/www.globalair-sn.com\/fr_fr\/wp-json\/wp\/v2\/comments?post=4578"}],"wp:featuredmedia":[{"embeddable":true,"href":"https:\/\/www.globalair-sn.com\/fr_fr\/wp-json\/wp\/v2\/media\/4579"}],"wp:attachment":[{"href":"https:\/\/www.globalair-sn.com\/fr_fr\/wp-json\/wp\/v2\/media?parent=4578"}],"wp:term":[{"taxonomy":"brand","embeddable":true,"href":"https:\/\/www.globalair-sn.com\/fr_fr\/wp-json\/wp\/v2\/brand?post=4578"},{"taxonomy":"product_cat","embeddable":true,"href":"https:\/\/www.globalair-sn.com\/fr_fr\/wp-json\/wp\/v2\/product_cat?post=4578"},{"taxonomy":"product_tag","embeddable":true,"href":"https:\/\/www.globalair-sn.com\/fr_fr\/wp-json\/wp\/v2\/product_tag?post=4578"}],"curies":[{"name":"wp","href":"https:\/\/api.w.org\/{rel}","templated":true}]}}