{"id":4340,"date":"2024-09-27T03:26:11","date_gmt":"2024-09-27T01:26:11","guid":{"rendered":"https:\/\/www.globalair-sn.com\/?post_type=product&#038;p=4340"},"modified":"2024-10-31T23:36:43","modified_gmt":"2024-10-31T22:36:43","slug":"bouilloire-electrique-1-5l-1800w-inox-ge1010","status":"publish","type":"product","link":"https:\/\/www.globalair-sn.com\/fr_fr\/produit\/bouilloire-electrique-1-5l-1800w-inox-ge1010\/","title":{"rendered":"Bouilloire Electrique GE 1010 &#8211; 1.50 Litres &#8211; 1800W Inox &#8211; Garantie 1 Mois \/ globalair"},"content":{"rendered":"<p>La <strong>Bouilloire \u00c9lectrique\u00a0 GE1010<\/strong> en couleur blanche est un appareil pratique et \u00e9l\u00e9gant, parfait pour les amateurs de boissons chaudes. Avec sa capacit\u00e9 de 1,5 litre, elle est id\u00e9ale pour pr\u00e9parer rapidement du th\u00e9, du caf\u00e9 ou toute autre infusion pour vous-m\u00eame ou pour vos invit\u00e9s. Son design en inox et sa finition blanche apportent une touche moderne \u00e0 votre cuisine, tout en garantissant une durabilit\u00e9 optimale.<\/p>\n","protected":false},"excerpt":{"rendered":"<ul>\n<li><strong>Chauffage rapide<\/strong> : Gr\u00e2ce \u00e0 sa puissance de 1800W, elle fait bouillir l&#8217;eau en un temps record, vous permettant de profiter de vos boissons pr\u00e9f\u00e9r\u00e9es rapidement.<\/li>\n<li><strong>Capacit\u00e9 g\u00e9n\u00e9reuse<\/strong> : Avec 1,5 litre, elle est parfaite pour pr\u00e9parer plusieurs tasses en une seule fois.<\/li>\n<li><strong>Corps en inox<\/strong> : R\u00e9sistant et \u00e9l\u00e9gant, il offre une excellente r\u00e9sistance \u00e0 la corrosion et \u00e0 l&#8217;usure quotidienne.<\/li>\n<li><strong>Syst\u00e8me de s\u00e9curit\u00e9<\/strong> : \u00c9teint automatiquement lorsque l&#8217;eau atteint le point d&#8217;\u00e9bullition, assurant une utilisation s\u00e9curis\u00e9e et \u00e9vitant tout d\u00e9bordement.<\/li>\n<li><strong>Poign\u00e9e ergonomique<\/strong> : Con\u00e7ue pour un confort optimal lors de l&#8217;utilisation, offrant une prise en main s\u00fbre.<\/li>\n<li><strong>Base rotative \u00e0 360\u00b0<\/strong> : Facilite l&#8217;utilisation et le rangement, rendant la bouilloire accessible sous tous les angles.<\/li>\n<li><strong>Design \u00e9pur\u00e9<\/strong> : Son look moderne et \u00e9pur\u00e9 s&#8217;adapte \u00e0 tous les styles de cuisines, ajoutant une touche de sophistication.<\/li>\n<\/ul>\n","protected":false},"featured_media":4341,"comment_status":"open","ping_status":"closed","template":"","meta":{"_joinchat":[]},"brand":[87],"product_cat":[76],"product_tag":[],"class_list":{"0":"post-4340","1":"product","2":"type-product","3":"status-publish","4":"has-post-thumbnail","6":"brand-global-air","7":"product_cat-cuisine-cuisson","8":"left-slider","10":"first","11":"instock","12":"shipping-taxable","13":"purchasable","14":"product-type-variable","15":"add-to-wishlist-after_add_to_cart"},"_links":{"self":[{"href":"https:\/\/www.globalair-sn.com\/fr_fr\/wp-json\/wp\/v2\/product\/4340","targetHints":{"allow":["GET"]}}],"collection":[{"href":"https:\/\/www.globalair-sn.com\/fr_fr\/wp-json\/wp\/v2\/product"}],"about":[{"href":"https:\/\/www.globalair-sn.com\/fr_fr\/wp-json\/wp\/v2\/types\/product"}],"replies":[{"embeddable":true,"href":"https:\/\/www.globalair-sn.com\/fr_fr\/wp-json\/wp\/v2\/comments?post=4340"}],"wp:featuredmedia":[{"embeddable":true,"href":"https:\/\/www.globalair-sn.com\/fr_fr\/wp-json\/wp\/v2\/media\/4341"}],"wp:attachment":[{"href":"https:\/\/www.globalair-sn.com\/fr_fr\/wp-json\/wp\/v2\/media?parent=4340"}],"wp:term":[{"taxonomy":"brand","embeddable":true,"href":"https:\/\/www.globalair-sn.com\/fr_fr\/wp-json\/wp\/v2\/brand?post=4340"},{"taxonomy":"product_cat","embeddable":true,"href":"https:\/\/www.globalair-sn.com\/fr_fr\/wp-json\/wp\/v2\/product_cat?post=4340"},{"taxonomy":"product_tag","embeddable":true,"href":"https:\/\/www.globalair-sn.com\/fr_fr\/wp-json\/wp\/v2\/product_tag?post=4340"}],"curies":[{"name":"wp","href":"https:\/\/api.w.org\/{rel}","templated":true}]}}