{"id":4333,"date":"2024-09-27T03:22:01","date_gmt":"2024-09-27T01:22:01","guid":{"rendered":"https:\/\/www.globalair-sn.com\/?post_type=product&#038;p=4333"},"modified":"2024-10-31T23:37:35","modified_gmt":"2024-10-31T22:37:35","slug":"bouilloire-electrique-chaudiere-a-eau-chaude-en-acier-inoxydable","status":"publish","type":"product","link":"https:\/\/www.globalair-sn.com\/fr_fr\/produit\/bouilloire-electrique-chaudiere-a-eau-chaude-en-acier-inoxydable\/","title":{"rendered":"Bouilloire Electrique GE 1020 &#8211; 1.7 Litres &#8211; 1800W Inox Gris &#8211; Garantie 1 Mois\/ globalairazeIle"},"content":{"rendered":"<p>La <strong>Bouilloire \u00c9lectrique Gris &#8211; Chaudi\u00e8re \u00c0 Eau Chaude<\/strong>\u00a0est l&#8217;appareil incontournable pour les amateurs de th\u00e9, caf\u00e9 ou toute autre boisson chaude. Son design \u00e9l\u00e9gant en acier inoxydable gris ne se contente pas d&#8217;ajouter une touche moderne \u00e0 votre cuisine, mais il garantit \u00e9galement une durabilit\u00e9 exceptionnelle. Gr\u00e2ce \u00e0 sa capacit\u00e9 \u00e0 chauffer rapidement l&#8217;eau, vous pourrez savourer vos boissons pr\u00e9f\u00e9r\u00e9es en un rien de temps.<\/p>\n<h3><\/h3>\n","protected":false},"excerpt":{"rendered":"<ul>\n<li><strong>Chauffage rapide<\/strong> : Technologie avanc\u00e9e pour une \u00e9bullition rapide de l&#8217;eau, vous permettant de gagner du temps.<\/li>\n<li><strong>Corps en acier inoxydable<\/strong> : Assure une excellente r\u00e9sistance \u00e0 la corrosion et une durabilit\u00e9 accrue.<\/li>\n<li><strong>Capacit\u00e9 g\u00e9n\u00e9reuse<\/strong> : Id\u00e9ale pour pr\u00e9parer plusieurs tasses de boisson chaude \u00e0 la fois.<\/li>\n<li><strong>Syst\u00e8me de s\u00e9curit\u00e9 int\u00e9gr\u00e9<\/strong> : \u00c9teint automatiquement lorsque l&#8217;eau atteint le point d&#8217;\u00e9bullition pour \u00e9viter tout d\u00e9bordement ou surchauffe.<\/li>\n<li><strong>Poign\u00e9e ergonomique<\/strong> : Offre une prise en main confortable et s\u00e9curis\u00e9e lors de la manipulation.<\/li>\n<li><strong>Design moderne et \u00e9l\u00e9gant<\/strong> : S&#8217;int\u00e8gre parfaitement dans n&#8217;importe quelle cuisine, ajoutant une touche de sophistication.<\/li>\n<li><strong>Base sans fil<\/strong> : Pratique pour un service facile, vous permettant de d\u00e9placer la bouilloire o\u00f9 vous le souhaitez.<\/li>\n<\/ul>\n","protected":false},"featured_media":4337,"comment_status":"open","ping_status":"closed","template":"","meta":{"_joinchat":[]},"brand":[87],"product_cat":[76,47],"product_tag":[],"class_list":{"0":"post-4333","1":"product","2":"type-product","3":"status-publish","4":"has-post-thumbnail","6":"brand-global-air","7":"product_cat-cuisine-cuisson","8":"product_cat-petit-electromenager","9":"left-slider","11":"first","12":"instock","13":"shipping-taxable","14":"purchasable","15":"product-type-simple","16":"add-to-wishlist-after_add_to_cart"},"_links":{"self":[{"href":"https:\/\/www.globalair-sn.com\/fr_fr\/wp-json\/wp\/v2\/product\/4333","targetHints":{"allow":["GET"]}}],"collection":[{"href":"https:\/\/www.globalair-sn.com\/fr_fr\/wp-json\/wp\/v2\/product"}],"about":[{"href":"https:\/\/www.globalair-sn.com\/fr_fr\/wp-json\/wp\/v2\/types\/product"}],"replies":[{"embeddable":true,"href":"https:\/\/www.globalair-sn.com\/fr_fr\/wp-json\/wp\/v2\/comments?post=4333"}],"wp:featuredmedia":[{"embeddable":true,"href":"https:\/\/www.globalair-sn.com\/fr_fr\/wp-json\/wp\/v2\/media\/4337"}],"wp:attachment":[{"href":"https:\/\/www.globalair-sn.com\/fr_fr\/wp-json\/wp\/v2\/media?parent=4333"}],"wp:term":[{"taxonomy":"brand","embeddable":true,"href":"https:\/\/www.globalair-sn.com\/fr_fr\/wp-json\/wp\/v2\/brand?post=4333"},{"taxonomy":"product_cat","embeddable":true,"href":"https:\/\/www.globalair-sn.com\/fr_fr\/wp-json\/wp\/v2\/product_cat?post=4333"},{"taxonomy":"product_tag","embeddable":true,"href":"https:\/\/www.globalair-sn.com\/fr_fr\/wp-json\/wp\/v2\/product_tag?post=4333"}],"curies":[{"name":"wp","href":"https:\/\/api.w.org\/{rel}","templated":true}]}}